{"id":431,"date":"2018-08-27T18:35:43","date_gmt":"2018-08-27T16:35:43","guid":{"rendered":"http:\/\/mediteratn.cluster017.ovh.net\/index.php\/accueil-2\/"},"modified":"2024-12-20T19:52:11","modified_gmt":"2024-12-20T18:52:11","slug":"la-campagne-a-paris","status":"publish","type":"page","link":"https:\/\/www.atelierautrement.com\/","title":{"rendered":"Accueil"},"content":{"rendered":"\t\t<div data-elementor-type=\"wp-post\" data-elementor-id=\"431\" class=\"elementor elementor-431\">\n\t\t\t\t\t\t<div class=\"elementor-section elementor-top-section elementor-element elementor-element-a21a3f6 elementor-section-height-min-height elementor-section-boxed elementor-section-height-default elementor-section-items-middle\" data-id=\"a21a3f6\" data-element_type=\"section\">\n\t\t\t\t\t\t<div class=\"elementor-container elementor-column-gap-custom\">\n\t\t\t\t\t<div class=\"elementor-column elementor-col-100 elementor-top-column elementor-element elementor-element-fe5e4dd\" data-id=\"fe5e4dd\" data-element_type=\"column\">\n\t\t\t<div class=\"elementor-widget-wrap elementor-element-populated\">\n\t\t\t\t\t\t<div class=\"elementor-element elementor-element-302bade elementor-widget elementor-widget-text-editor\" data-id=\"302bade\" data-element_type=\"widget\" data-widget_type=\"text-editor.default\">\n\t\t\t\t<div class=\"elementor-widget-container\">\n\t\t\t\t\t\t\t\t\t<p style=\"text-align: center;\"><span style=\"font-family: 'times new roman',times,serif; color: #000000; font-size: 12pt;\">L\u2019Atelier Autrement \u2013\u00a0177 rue Al\u00e9sia\u00a0 \u2013 75014 Paris \u2013\u00a0Tel : +33 01 45 42 27 46<\/span><\/p>\t\t\t\t\t\t\t\t<\/div>\n\t\t\t\t<\/div>\n\t\t\t\t\t<\/div>\n\t\t<\/div>\n\t\t\t\t\t<\/div>\n\t\t<\/div>\n\t\t\t\t<section class=\"elementor-section elementor-top-section elementor-element elementor-element-1d90afbf elementor-section-boxed elementor-section-height-default elementor-section-height-default\" data-id=\"1d90afbf\" data-element_type=\"section\">\n\t\t\t\t\t\t<div class=\"elementor-container elementor-column-gap-default\">\n\t\t\t\t\t<div class=\"elementor-column elementor-col-100 elementor-top-column elementor-element elementor-element-31bcfc48\" data-id=\"31bcfc48\" data-element_type=\"column\">\n\t\t\t<div class=\"elementor-widget-wrap elementor-element-populated\">\n\t\t\t\t\t\t<section class=\"elementor-section elementor-inner-section elementor-element elementor-element-ed9d2db elementor-section-boxed elementor-section-height-default elementor-section-height-default\" data-id=\"ed9d2db\" data-element_type=\"section\">\n\t\t\t\t\t\t<div class=\"elementor-container elementor-column-gap-default\">\n\t\t\t\t\t<div class=\"elementor-column elementor-col-50 elementor-inner-column elementor-element elementor-element-5b6e206\" data-id=\"5b6e206\" data-element_type=\"column\">\n\t\t\t<div class=\"elementor-widget-wrap elementor-element-populated\">\n\t\t\t\t\t\t<div class=\"elementor-element elementor-element-3d3737ca elementor-widget elementor-widget-text-editor\" data-id=\"3d3737ca\" data-element_type=\"widget\" data-widget_type=\"text-editor.default\">\n\t\t\t\t<div class=\"elementor-widget-container\">\n\t\t\t\t\t\t\t\t\t<p style=\"text-align: center;\"><span style=\"font-family: 'times new roman', times, serif;\"><strong><span style=\"font-size: 30pt;\"><span style=\"color: black;\">Location de salle<\/span><\/span><\/strong><\/span><\/p><p style=\"text-align: center;\"><span style=\"font-family: 'times new roman', times, serif;\"><strong><span style=\"font-size: 30pt;\"><span style=\"color: black;\">sur jardin &#8230;<\/span><\/span><\/strong><\/span><\/p><p style=\"text-align: center;\"><span style=\"font-family: 'times new roman', times, serif;\"><strong><span style=\"font-size: 30pt;\"><span style=\"color: black;\">\u00e0 Paris<\/span><\/span><\/strong><\/span><\/p><pre style=\"text-align: center;\"><span style=\"color: #000000; font-size: 16pt;\"><strong><span style=\"font-family: 'times new roman',times,serif;\">Pour vos r\u00e9unions, formations,\n stages, m\u00e9ditations, \nexpositions, prises de vues...<\/span><\/strong><\/span><\/pre>\t\t\t\t\t\t\t\t<\/div>\n\t\t\t\t<\/div>\n\t\t\t\t\t<\/div>\n\t\t<\/div>\n\t\t\t\t<div class=\"elementor-column elementor-col-50 elementor-inner-column elementor-element elementor-element-23b1fe94\" data-id=\"23b1fe94\" data-element_type=\"column\">\n\t\t\t<div class=\"elementor-widget-wrap elementor-element-populated\">\n\t\t\t\t\t\t<div class=\"elementor-element elementor-element-7be4b1cd elementor-widget elementor-widget-image\" data-id=\"7be4b1cd\" data-element_type=\"widget\" data-widget_type=\"image.default\">\n\t\t\t\t<div class=\"elementor-widget-container\">\n\t\t\t\t\t\t\t\t\t\t\t\t\t\t\t<img fetchpriority=\"high\" decoding=\"async\" width=\"850\" height=\"356\" src=\"https:\/\/www.atelierautrement.com\/wp-content\/uploads\/2018\/09\/AA-Salle-vide_30cm.jpg\" class=\"attachment-full size-full wp-image-1110\" alt=\"\" srcset=\"https:\/\/www.atelierautrement.com\/wp-content\/uploads\/2018\/09\/AA-Salle-vide_30cm.jpg 850w, https:\/\/www.atelierautrement.com\/wp-content\/uploads\/2018\/09\/AA-Salle-vide_30cm-300x126.jpg 300w, https:\/\/www.atelierautrement.com\/wp-content\/uploads\/2018\/09\/AA-Salle-vide_30cm-768x322.jpg 768w\" sizes=\"(max-width: 850px) 100vw, 850px\" \/>\t\t\t\t\t\t\t\t\t\t\t\t\t\t\t<\/div>\n\t\t\t\t<\/div>\n\t\t\t\t\t<\/div>\n\t\t<\/div>\n\t\t\t\t\t<\/div>\n\t\t<\/section>\n\t\t\t\t\t<\/div>\n\t\t<\/div>\n\t\t\t\t\t<\/div>\n\t\t<\/section>\n\t\t\t\t<section class=\"elementor-section elementor-top-section elementor-element elementor-element-6aa7176 elementor-section-boxed elementor-section-height-default elementor-section-height-default\" data-id=\"6aa7176\" data-element_type=\"section\">\n\t\t\t\t\t\t<div class=\"elementor-container elementor-column-gap-default\">\n\t\t\t\t\t<div class=\"elementor-column elementor-col-100 elementor-top-column elementor-element elementor-element-d62fe99\" data-id=\"d62fe99\" data-element_type=\"column\">\n\t\t\t<div class=\"elementor-widget-wrap elementor-element-populated\">\n\t\t\t\t\t\t<section class=\"elementor-section elementor-inner-section elementor-element elementor-element-6d559434 elementor-section-boxed elementor-section-height-default elementor-section-height-default\" data-id=\"6d559434\" data-element_type=\"section\">\n\t\t\t\t\t\t<div class=\"elementor-container elementor-column-gap-default\">\n\t\t\t\t\t<div class=\"elementor-column elementor-col-50 elementor-inner-column elementor-element elementor-element-4dc91b5f\" data-id=\"4dc91b5f\" data-element_type=\"column\">\n\t\t\t<div class=\"elementor-widget-wrap elementor-element-populated\">\n\t\t\t\t\t\t<div class=\"elementor-element elementor-element-2a166787 elementor-widget elementor-widget-image\" data-id=\"2a166787\" data-element_type=\"widget\" data-widget_type=\"image.default\">\n\t\t\t\t<div class=\"elementor-widget-container\">\n\t\t\t\t\t\t\t\t\t\t\t\t\t\t\t<img decoding=\"async\" width=\"850\" height=\"341\" src=\"https:\/\/www.atelierautrement.com\/wp-content\/uploads\/2018\/09\/AA-Jardin_30cm.jpg\" class=\"attachment-full size-full wp-image-1108\" alt=\"\" srcset=\"https:\/\/www.atelierautrement.com\/wp-content\/uploads\/2018\/09\/AA-Jardin_30cm.jpg 850w, https:\/\/www.atelierautrement.com\/wp-content\/uploads\/2018\/09\/AA-Jardin_30cm-300x120.jpg 300w, https:\/\/www.atelierautrement.com\/wp-content\/uploads\/2018\/09\/AA-Jardin_30cm-768x308.jpg 768w\" sizes=\"(max-width: 850px) 100vw, 850px\" \/>\t\t\t\t\t\t\t\t\t\t\t\t\t\t\t<\/div>\n\t\t\t\t<\/div>\n\t\t\t\t\t<\/div>\n\t\t<\/div>\n\t\t\t\t<div class=\"elementor-column elementor-col-50 elementor-inner-column elementor-element elementor-element-15594f2a\" data-id=\"15594f2a\" data-element_type=\"column\">\n\t\t\t<div class=\"elementor-widget-wrap elementor-element-populated\">\n\t\t\t\t\t\t<div class=\"elementor-element elementor-element-2875ecc0 elementor-widget elementor-widget-text-editor\" data-id=\"2875ecc0\" data-element_type=\"widget\" data-widget_type=\"text-editor.default\">\n\t\t\t\t<div class=\"elementor-widget-container\">\n\t\t\t\t\t\t\t\t\t<p style=\"text-align: center;\"><span style=\"font-size: 16pt; color: #000000;\"><span style=\"font-family: 'times new roman', times, serif;\"> <strong>Belles<\/strong><\/span><strong><span style=\"font-family: 'times new roman', times, serif;\"> salles&#8230;calmes&#8230;lumineuses<\/span><\/strong><strong><span style=\"font-family: 'times new roman', times, serif;\"><br \/>Modulables selon vos activit\u00e9s<\/span><\/strong><strong><span style=\"font-family: 'times new roman', times, serif;\"><br \/>Nombreux \u00e9quipements<\/span><\/strong><\/span><\/p><pre style=\"text-align: center;\"><span style=\"color: #000000; font-size: 22pt;\"><strong><span style=\"font-family: 'Times New Roman';\"><b>L'Atelier Autrement<\/b><\/span><\/strong><\/span><br \/><span style=\"color: #000000; font-size: 22pt;\"><strong><span style=\"font-family: 'Times New Roman';\"><b>c'est la campagne \u00e0 Paris<\/b><\/span><\/strong><\/span><\/pre>\t\t\t\t\t\t\t\t<\/div>\n\t\t\t\t<\/div>\n\t\t\t\t\t<\/div>\n\t\t<\/div>\n\t\t\t\t\t<\/div>\n\t\t<\/section>\n\t\t\t\t\t<\/div>\n\t\t<\/div>\n\t\t\t\t\t<\/div>\n\t\t<\/section>\n\t\t\t\t<section class=\"elementor-section elementor-top-section elementor-element elementor-element-d0cacc1 elementor-section-boxed elementor-section-height-default elementor-section-height-default\" data-id=\"d0cacc1\" data-element_type=\"section\">\n\t\t\t\t\t\t<div class=\"elementor-container elementor-column-gap-default\">\n\t\t\t\t\t<div class=\"elementor-column elementor-col-100 elementor-top-column elementor-element elementor-element-b8184a0\" data-id=\"b8184a0\" data-element_type=\"column\">\n\t\t\t<div class=\"elementor-widget-wrap elementor-element-populated\">\n\t\t\t\t\t\t<section class=\"elementor-section elementor-inner-section elementor-element elementor-element-2c69cc1 elementor-section-boxed elementor-section-height-default elementor-section-height-default\" data-id=\"2c69cc1\" data-element_type=\"section\">\n\t\t\t\t\t\t<div class=\"elementor-container elementor-column-gap-default\">\n\t\t\t\t\t<div class=\"elementor-column elementor-col-50 elementor-inner-column elementor-element elementor-element-2bb49e3\" data-id=\"2bb49e3\" data-element_type=\"column\">\n\t\t\t<div class=\"elementor-widget-wrap elementor-element-populated\">\n\t\t\t\t\t\t<div class=\"elementor-element elementor-element-6fa611d elementor-widget elementor-widget-text-editor\" data-id=\"6fa611d\" data-element_type=\"widget\" data-widget_type=\"text-editor.default\">\n\t\t\t\t<div class=\"elementor-widget-container\">\n\t\t\t\t\t\t\t\t\t<p style=\"text-align: left;\"><span style=\"font-family: 'times new roman',times,serif; color: #000000; font-size: 12pt;\">Dans nos locaux, exposition permanente des reportages de Ren\u00e9 Tchekof\u00a0 Minosa et bureaux de son agence Scorpio Films :\n<\/span><span style=\"font-family: 'times new roman',times,serif; color: #000000; font-size: 12pt;\">D\u00e9couvrez et pratiquer la m\u00e9ditation\u00a0: <a href=\"https:\/\/mediterautrement.com\/\" target=\"_blank\" rel=\"noopener\"><span style=\"color: #0000ff;\">www.mediterautrement.com<\/span><\/a><\/span><\/p>\t\t\t\t\t\t\t\t<\/div>\n\t\t\t\t<\/div>\n\t\t\t\t\t<\/div>\n\t\t<\/div>\n\t\t\t\t<div class=\"elementor-column elementor-col-50 elementor-inner-column elementor-element elementor-element-891673e\" data-id=\"891673e\" data-element_type=\"column\">\n\t\t\t<div class=\"elementor-widget-wrap elementor-element-populated\">\n\t\t\t\t\t\t<div class=\"elementor-element elementor-element-4a98cdd elementor-widget elementor-widget-image\" data-id=\"4a98cdd\" data-element_type=\"widget\" data-widget_type=\"image.default\">\n\t\t\t\t<div class=\"elementor-widget-container\">\n\t\t\t\t\t\t\t\t\t\t\t\t\t\t\t\t<a href=\"http:\/\/www.scorpiofilm.com\/\" target=\"_blank\">\n\t\t\t\t\t\t\t<img decoding=\"async\" width=\"185\" height=\"89\" src=\"https:\/\/www.atelierautrement.com\/wp-content\/uploads\/2018\/09\/PhotoSF.jpg\" class=\"attachment-medium_large size-medium_large wp-image-360\" alt=\"\" \/>\t\t\t\t\t\t\t\t<\/a>\n\t\t\t\t\t\t\t\t\t\t\t\t\t\t\t<\/div>\n\t\t\t\t<\/div>\n\t\t\t\t\t<\/div>\n\t\t<\/div>\n\t\t\t\t\t<\/div>\n\t\t<\/section>\n\t\t\t\t\t<\/div>\n\t\t<\/div>\n\t\t\t\t\t<\/div>\n\t\t<\/section>\n\t\t\t\t<\/div>\n\t\t","protected":false},"excerpt":{"rendered":"<p>L\u2019Atelier Autrement \u2013\u00a0177 rue Al\u00e9sia\u00a0 \u2013 75014 Paris \u2013\u00a0Tel : +33 01 45 42 27 46 Location de salle sur jardin &#8230; \u00e0 Paris Pour vos r\u00e9unions, formations, stages, m\u00e9ditations, expositions, prises de vues&#8230; Belles salles&#8230;calmes&#8230;lumineusesModulables selon vos activit\u00e9sNombreux \u00e9quipements L&rsquo;Atelier Autrementc&rsquo;est la campagne \u00e0 Paris Dans nos locaux, exposition permanente des reportages de Ren\u00e9 [&hellip;]<\/p>\n","protected":false},"author":1,"featured_media":0,"parent":0,"menu_order":0,"comment_status":"closed","ping_status":"closed","template":"elementor_header_footer","meta":{"om_disable_all_campaigns":false,"_monsterinsights_skip_tracking":false,"_monsterinsights_sitenote_active":false,"_monsterinsights_sitenote_note":"","_monsterinsights_sitenote_category":0,"footnotes":""},"aioseo_notices":[],"_links":{"self":[{"href":"https:\/\/www.atelierautrement.com\/index.php\/wp-json\/wp\/v2\/pages\/431"}],"collection":[{"href":"https:\/\/www.atelierautrement.com\/index.php\/wp-json\/wp\/v2\/pages"}],"about":[{"href":"https:\/\/www.atelierautrement.com\/index.php\/wp-json\/wp\/v2\/types\/page"}],"author":[{"embeddable":true,"href":"https:\/\/www.atelierautrement.com\/index.php\/wp-json\/wp\/v2\/users\/1"}],"replies":[{"embeddable":true,"href":"https:\/\/www.atelierautrement.com\/index.php\/wp-json\/wp\/v2\/comments?post=431"}],"version-history":[{"count":241,"href":"https:\/\/www.atelierautrement.com\/index.php\/wp-json\/wp\/v2\/pages\/431\/revisions"}],"predecessor-version":[{"id":1425,"href":"https:\/\/www.atelierautrement.com\/index.php\/wp-json\/wp\/v2\/pages\/431\/revisions\/1425"}],"wp:attachment":[{"href":"https:\/\/www.atelierautrement.com\/index.php\/wp-json\/wp\/v2\/media?parent=431"}],"curies":[{"name":"wp","href":"https:\/\/api.w.org\/{rel}","templated":true}]}}