{"id":22,"date":"2018-08-27T18:37:17","date_gmt":"2018-08-27T16:37:17","guid":{"rendered":"http:\/\/mediteratn.cluster017.ovh.net\/?page_id=22"},"modified":"2026-04-07T12:07:47","modified_gmt":"2026-04-07T10:07:47","slug":"restaurants-hotels","status":"publish","type":"page","link":"https:\/\/www.atelierautrement.com\/index.php\/restaurants-hotels\/","title":{"rendered":"Restaurants &#038; H\u00f4tels"},"content":{"rendered":"\t\t<div data-elementor-type=\"wp-post\" data-elementor-id=\"22\" class=\"elementor elementor-22\">\n\t\t\t\t\t\t<section class=\"elementor-section elementor-top-section elementor-element elementor-element-882ddb4 elementor-section-boxed elementor-section-height-default elementor-section-height-default\" data-id=\"882ddb4\" data-element_type=\"section\">\n\t\t\t\t\t\t<div class=\"elementor-container elementor-column-gap-default\">\n\t\t\t\t\t<div class=\"elementor-column elementor-col-100 elementor-top-column elementor-element elementor-element-5ad5005\" data-id=\"5ad5005\" data-element_type=\"column\">\n\t\t\t<div class=\"elementor-widget-wrap elementor-element-populated\">\n\t\t\t\t\t\t<div class=\"elementor-element elementor-element-049dc9a elementor-widget elementor-widget-text-editor\" data-id=\"049dc9a\" data-element_type=\"widget\" data-widget_type=\"text-editor.default\">\n\t\t\t\t<div class=\"elementor-widget-container\">\n\t\t\t\t\t\t\t\t\t<p style=\"text-align: center;\"><span style=\"font-family: 'times new roman', times, serif; font-size: 14pt;\"><b style=\"color: #000000; text-align: -webkit-center;\">Pour faciliter vos journ\u00e9es chez nous<br \/>quelques restaurants, traiteurs &amp; h\u00f4tels proches de \u201cl\u2019Atelier Autrement\u201d<\/b><\/span><\/p>\t\t\t\t\t\t\t\t<\/div>\n\t\t\t\t<\/div>\n\t\t\t\t\t<\/div>\n\t\t<\/div>\n\t\t\t\t\t<\/div>\n\t\t<\/section>\n\t\t\t\t<section class=\"elementor-section elementor-top-section elementor-element elementor-element-0217d9f elementor-section-boxed elementor-section-height-default elementor-section-height-default\" data-id=\"0217d9f\" data-element_type=\"section\">\n\t\t\t\t\t\t<div class=\"elementor-container elementor-column-gap-default\">\n\t\t\t\t\t<div class=\"elementor-column elementor-col-100 elementor-top-column elementor-element elementor-element-2b9fe35\" data-id=\"2b9fe35\" data-element_type=\"column\">\n\t\t\t<div class=\"elementor-widget-wrap elementor-element-populated\">\n\t\t\t\t\t\t<section class=\"elementor-section elementor-inner-section elementor-element elementor-element-9874155 elementor-section-boxed elementor-section-height-default elementor-section-height-default\" data-id=\"9874155\" data-element_type=\"section\">\n\t\t\t\t\t\t<div class=\"elementor-container elementor-column-gap-default\">\n\t\t\t\t\t<div class=\"elementor-column elementor-col-50 elementor-inner-column elementor-element elementor-element-2182453\" data-id=\"2182453\" data-element_type=\"column\">\n\t\t\t<div class=\"elementor-widget-wrap elementor-element-populated\">\n\t\t\t\t\t\t<div class=\"elementor-element elementor-element-3cc1bfe elementor-widget elementor-widget-text-editor\" data-id=\"3cc1bfe\" data-element_type=\"widget\" data-widget_type=\"text-editor.default\">\n\t\t\t\t<div class=\"elementor-widget-container\">\n\t\t\t\t\t\t\t\t\t<pre style=\"text-align: center;\"><span style=\"font-family: 'times new roman', times, serif; font-size: 12pt;\"><span style=\"font-style: normal; font-weight: 400; color: white;\">.<\/span><b style=\"color: #000000;\"><u>Restaurants<\/u><\/b><\/span><\/pre><p style=\"font-style: normal;\"><span style=\"color: #000000; font-family: Calibri; font-size: 16px; font-style: normal; caret-color: #000000;\"><b>GIOIA<\/b><\/span><span style=\"color: #000000; font-weight: 400; font-style: normal;\"><span style=\"font-family: times new roman, times, serif;\">\u00a0(restaurant italien \u00e0 250m)<br \/><\/span><\/span><span style=\"color: #000000; font-family: Calibri; font-size: 16px; font-style: normal; font-weight: 400; caret-color: #000000;\">53 Rue Didot<\/span><span style=\"color: #000000; font-family: 'times new roman', times, serif; font-size: 15px;\">\u00a0&#8211; 75014 Paris \/ Tel:\u00a0<\/span><span style=\"color: #000000; font-style: normal; font-weight: 400;\"><span style=\"font-family: Calibri;\"><span style=\"font-size: 16px;\">01 89 32 26 13<br \/><\/span><\/span><\/span><span style=\"color: #000000; font-family: 'times new roman', times, serif; font-size: 15px;\">ouv.\u00a0<\/span><span style=\"font-family: 'times new roman', times, serif; font-size: 15px;\"><a style=\"color: #0000ff; text-decoration-line: underline;\" href=\"https:\/\/gioia.metro.rest\/?lang=fr#\" target=\"_blank\" rel=\"noopener\">Site web.<\/a><span style=\"color: #0000ff;\"><u><br \/><\/u><\/span><\/span><span style=\"color: #000000; font-family: 'times new roman', times, serif; font-size: 15px;\">Menu\u00a0<\/span><\/p><p style=\"font-style: normal;\"><span style=\"color: #000000; font-family: Calibri; font-size: 16px; font-style: normal; font-weight: 400; caret-color: #000000;\">L<\/span><span style=\"color: #000000; font-family: Calibri; font-size: 16px; font-style: normal; caret-color: #000000;\"><b>ES ARTISTES<\/b><\/span> <span style=\"font-family: Roboto, sans-serif; font-size: 15px; font-style: normal; font-weight: 400; color: #000000;\"><span style=\"font-family: 'times new roman', times, serif; font-size: 15px;\">(<\/span><\/span><span style=\"font-family: 'times new roman', times, serif; font-size: 15px; font-weight: 400; font-style: normal; color: #000000;\">restaurant fran\u00e7. tradit.<\/span><span style=\"font-family: 'times new roman', times, serif; font-size: 12pt; font-weight: 400; font-style: normal; color: #000000;\">\u00a0\u00e0<\/span><span style=\"font-family: Roboto, sans-serif; font-size: 15px; font-style: normal; font-weight: 400; color: #000000;\"><span style=\"font-family: 'times new roman', times, serif; font-size: 15px;\">\u00a0250m)<br \/><\/span><\/span><span style=\"caret-color: #000000; color: #000000; font-family: Calibri; font-size: 16px; font-style: normal; font-weight: 400; text-size-adjust: auto;\">60 Rue Didot &#8211; 75014 Paris<\/span><span style=\"color: #000000; font-family: 'times new roman', times, serif; font-size: 15px; font-style: normal; font-weight: 400;\">\u00a0<\/span><span style=\"color: #000000; font-family: 'times new roman', times, serif; font-size: 15px; font-style: normal; font-weight: 400;\">\/ Tel:\u00a0<\/span><span style=\"color: #000000; font-family: Calibri; font-size: 16px; font-style: normal; font-weight: 400; caret-color: #000000;\">01 45 43 30 24<\/span><span style=\"color: #000000; font-family: 'times new roman', times, serif; font-size: 15px; font-style: normal; font-weight: 400;\">\u00a0<br \/><\/span><span style=\"font-size: 15px; font-style: normal; font-weight: 400; font-family: 'times new roman', times, serif; color: #000000;\">ouv.\u00a0<\/span><span style=\"font-size: 15px; font-style: normal; font-weight: 400; font-family: 'times new roman', times, serif;\"><a style=\"font-size: 15px; text-decoration-line: underline; color: #0000ff;\" href=\"https:\/\/www.cafelesartistes.fr\/\" target=\"_blank\" rel=\"noopener\">Site web.<\/a><br \/><\/span><span style=\"color: #000000; font-family: 'times new roman', times, serif; font-size: 15px; font-style: normal; font-weight: 400;\">Menu<\/span><\/p><p><b style=\"color: #000000; font-family: 'times new roman', times, serif; font-style: inherit;\">LE CHINEUR<\/b><span style=\"color: #000000; font-family: 'times new roman', times, serif; font-size: 15px;\">\u00a0(bar-restaurant fran\u00e7. tradit.<\/span><span style=\"color: #000000; font-family: 'times new roman', times, serif; font-size: 12pt;\"> \u00e0 <\/span><span style=\"color: #000000; font-family: 'times new roman', times, serif; font-size: 15px;\">270m)<br \/><\/span><span style=\"color: #000000; font-family: 'times new roman', times, serif; font-size: 15px;\">170 r. d\u2019 Al\u00e9sia &#8211; 75014 Paris \/ Tel: 01 45 43 17 12<br \/><\/span><span style=\"color: #000000; font-family: 'times new roman', times, serif; font-size: 15px;\">ouv. 7\/7j: 7h-23h.<br \/><\/span><span style=\"color: #000000; font-family: 'times new roman', times, serif; font-size: 15px;\">Menu<\/span><\/p><p><span style=\"font-family: 'times new roman', times, serif; color: #000000;\"><strong>LE PLAISANCE<\/strong> (restaurant fran\u00e7. tradit. \u00e0 270m)<\/span><br \/><span style=\"font-family: 'times new roman', times, serif; color: #000000;\">203 r. d\u2019 Al\u00e9sia &#8211; 75014 Paris \/ Tel: 01 45 42 92 33<br \/><span style=\"font-family: 'times new roman', times, serif;\"><span style=\"font-size: 12pt;\"><span style=\"color: #000000;\">ouv. 7\/7j: 7h-23h.<\/span> <\/span><span style=\"text-decoration: underline;\"><span style=\"font-size: 12pt; color: #0000ff;\"><a style=\"color: #0000ff; text-decoration: underline;\" href=\"https:\/\/www.plaisance-cafe-brasserie-paris14.fr\/\" target=\"_blank\" rel=\"noopener\">Site web.<\/a><\/span><\/span><\/span>\u00a0<\/span><br \/><span style=\"color: #000000; font-family: 'times new roman', times, serif;\">Menu 2 \/ 3 plats : 15,50 \/ 17,50 \u20ac.<\/span><span style=\"font-family: 'times new roman', times, serif;\"><br \/><\/span><\/p><p style=\"color: #000000; font-family: garamond, 'times new roman', times; font-size: medium; font-style: normal; font-weight: 400;\"><span style=\"font-size: 12pt; font-family: 'times new roman', times, serif;\"><b>LE 14 JUILLET<\/b>\u00a0(cuisine fran\u00e7. tradit. \u00e0 400m)<br \/>99 r. Didot &#8211; 75014 Paris \/ Tel: 01 40 44 91 19<br \/>ouv. 7\/7j: 12h-14h30 \/ 19h-23h. <span style=\"text-decoration: underline; color: #0000ff;\"><a style=\"color: #0000ff; text-decoration: underline;\" href=\"https:\/\/www.le14juillet.fr\/\" target=\"_blank\" rel=\"noopener\">Site web.<\/a><\/span><br \/><\/span>Menu 2 plats : 14 \u20ac.<\/p><p><span style=\"font-size: 12pt; font-family: 'times new roman', times, serif;\"><span style=\"color: #000000;\"><b>LE ZEYER<\/b>\u00a0(brasserie fran\u00e7. tradit. \u00e0 750m)<\/span><br \/><span style=\"color: #000000;\">62 rue d&rsquo;Al\u00e9sia &#8211; 75014 Paris \/ Tel: 01 45 40 43 88<\/span><br \/><span style=\"color: #000000;\">ouv.7\/7j: 12h-18h \/ 19h-00h30. <span style=\"text-decoration: underline; color: #0000ff;\"><a style=\"color: #0000ff; text-decoration: underline;\" href=\"https:\/\/menuonline.fr\/le-zeyer\" target=\"_blank\" rel=\"noopener\">Site web.<\/a><\/span><\/span><br \/><span style=\"color: #000000;\">Menu 43\u20ac \/ 1 plat 25 \u20ac.<\/span><br \/><\/span><br \/><span style=\"font-family: 'times new roman', times, serif; font-size: 12pt; color: #000000;\"><b>LE J\u00c9ROBOAM<\/b>\u00a0(cuisine fran\u00e7. tradit. \u00e0 350m)<br \/>72 r. Didot -75014 Paris \/ Tel: 01 45 39 39 13<br \/>ouv.lun \/sam; 12h-15h \/ 19h-23h. <span style=\"text-decoration: underline; color: #0000ff;\"><a style=\"color: #0000ff; text-decoration: underline;\" href=\"https:\/\/www.lejeroboam.fr\/\" target=\"_blank\" rel=\"noopener\">Site web.<\/a><\/span><br \/>Menu\u00a0 2\/3 plats : 18,50 \/ 22 \u20ac.<\/span><\/p><p style=\"color: #000000; font-family: garamond, 'times new roman', times; font-size: medium; font-style: normal; font-weight: 400; text-align: center;\"><span style=\"font-family: 'times new roman', times, serif;\"><span style=\"font-size: 12pt;\"><span style=\"font-style: normal; font-weight: 400; color: white;\">.<\/span><b style=\"color: #000000;\"><u>Traiteurs \/ Livvraison<\/u><\/b><\/span><\/span><\/p><div><div><div><div><article><div><div><p><span style=\"font-family: 'times new roman', times, serif; font-size: 12pt; color: #000000;\"><strong>KASLIK<\/strong>\u00a0(traiteur Libanais \u00e0 200m)<\/span><br \/><span style=\"font-family: 'times new roman', times, serif; font-size: 12pt; color: #000000;\">155 r. Al\u00e9sia &#8211; 75014 Paris \/ Tel: 01 45 45 14 35<br \/>ouv. 7\/7j<span style=\"text-decoration: underline;\"><span style=\"color: #0000ff; text-decoration: underline;\"><br \/><\/span><\/span><span style=\"color: #0000ff;\"><span style=\"color: #000000;\">Menu : 1 plat de 7,50 \u00e0 12,90 \u20ac<\/span><\/span><\/span><\/p><p><span style=\"font-family: 'times new roman', times, serif; color: #000000;\"><strong>SURAJ<\/strong> (sp\u00e9cialit\u00e9 Indiene \u00e0 550m)<\/span><br \/><span style=\"font-family: 'times new roman', times, serif; color: #000000;\">121 r. Didot &#8211; 75014 Paris \/ Tel: 01 45 45 57 48<br \/><span style=\"font-family: 'times new roman', times, serif; font-size: 12pt; color: #000000;\"><span style=\"font-size: 12pt; font-family: 'times new roman', times, serif;\">ouv.7\/7j: 11h30-14h30 \/ 19h-23h. <\/span> <span style=\"text-decoration: underline;\"><span style=\"color: #0000ff; text-decoration: underline;\"><a style=\"color: #0000ff; text-decoration: underline;\" href=\"https:\/\/www.surajparis.com\/\" target=\"_blank\" rel=\"noopener\">Site web.<\/a><br \/><\/span><\/span><\/span>Menu 2 plats : 13 \u20ac<\/span><\/p><p><span style=\"font-family: 'times new roman', times, serif; color: #000000;\"><strong>WAKO<\/strong> (sp\u00e9cialit\u00e9 Japonaise \u00e0 350m)<\/span><br \/><span style=\"font-family: 'times new roman', times, serif; color: #000000;\">92 r. Raymond Losserand 75014 Paris \/ Tel: 01 45 39 88 88<\/span><br \/><span style=\"font-family: 'times new roman', times, serif; color: #000000;\"><span style=\"font-size: 12pt;\"><span style=\"font-size: 12pt;\">ouv.7\/7j: 12h-14h30 \/ 19h-22h30 <\/span><span style=\"text-decoration: underline;\"><span style=\"color: #0000ff;\"><a style=\"color: #0000ff; text-decoration: underline;\" href=\"http:\/\/wako14.fr\/index.php?route=common\/home\" target=\"_blank\" rel=\"noopener\">Site web.<\/a><\/span><br \/><\/span><\/span>Menu de 8.50 \u00e0 23 \u20ac.<\/span><\/p><p><span style=\"color: #000000; font-family: 'times new roman', times, serif;\"><strong>Plus de choix :<\/strong><\/span><br \/><span style=\"font-family: 'times new roman', times, serif;\"><span style=\"color: #000000;\">Uber eats<\/span> <span style=\"text-decoration: underline;\"><span style=\"color: #0000ff; text-decoration: underline;\"><a style=\"color: #0000ff; text-decoration: underline;\" href=\"https:\/\/www.ubereats.com\/fr-FR\/\" target=\"_blank\" rel=\"noopener\">Site web<\/a>.<\/span><\/span><\/span><br \/><span style=\"font-family: 'times new roman', times, serif;\"><span style=\"color: #000000;\">Delivroo<\/span> <span style=\"text-decoration: underline;\"><span style=\"color: #0000ff; text-decoration: underline;\"><a style=\"color: #0000ff; text-decoration: underline;\" href=\"https:\/\/deliveroo.fr\/fr\/\" target=\"_blank\" rel=\"noopener\">Site web.<\/a><\/span><\/span><\/span><\/p><\/div><\/div><\/article><\/div><\/div><\/div><\/div>\t\t\t\t\t\t\t\t<\/div>\n\t\t\t\t<\/div>\n\t\t\t\t\t<\/div>\n\t\t<\/div>\n\t\t\t\t<div class=\"elementor-column elementor-col-50 elementor-inner-column elementor-element elementor-element-66662eb\" data-id=\"66662eb\" data-element_type=\"column\">\n\t\t\t<div class=\"elementor-widget-wrap elementor-element-populated\">\n\t\t\t\t\t\t<div class=\"elementor-element elementor-element-9279a85 elementor-widget elementor-widget-text-editor\" data-id=\"9279a85\" data-element_type=\"widget\" data-widget_type=\"text-editor.default\">\n\t\t\t\t<div class=\"elementor-widget-container\">\n\t\t\t\t\t\t\t\t\t<p style=\"color: #000000; font-family: garamond, 'times new roman', times; font-size: medium; font-style: normal; font-weight: 400; text-align: center;\"><span style=\"font-family: 'times new roman', times, serif; font-size: 14pt;\"><b><u>H\u00f4tels<\/u><\/b><\/span><\/p>\n<p><span style=\"font-family: 'times new roman', times, serif;\"><span style=\"font-size: 12pt;\"><span style=\"color: #000000; font-style: normal; font-weight: 400;\"><b>HOTEL FRED&nbsp;<\/b>(\u00e0 210m)<b><br><\/b>11 av. Villemain -75014 Paris \/ Tel: 01 45 43 24 18<br>Chambre 1 p : \u00e0 partir de 180 \u20ac pt.d\u00e9j.: 9 \u20ac. <span style=\"text-decoration: underline;\"><span style=\"color: #0000ff; text-decoration: underline;\"><a style=\"color: #0000ff; text-decoration: underline;\" href=\"http:\/\/www.fred-hotel.com\" target=\"_blank\" rel=\"noopener\">Site web<\/a><\/span><\/span>.<\/span><\/span><\/span><\/p>\n<p><span style=\"font-family: 'times new roman', times, serif;\"><span style=\"font-size: 12pt;\"><span style=\"color: #000000; font-style: normal; font-weight: 400;\"><b><span style=\"font-family: 'times new roman', times, serif; color: #000000;\">HOTEL MONTPARNASSE ALESIA<\/span><\/b><span style=\"font-family: 'times new roman', times, serif; color: #000000;\"> (\u00e0 240m)<\/span><b><br><\/b><span style=\"font-family: 'times new roman', times, serif; color: #000000;\">147 ter r. d&rsquo;Al\u00e9sia &#8211; 75014 Paris \/ Tel: 01 45 42 06 37<\/span><br><span style=\"font-family: 'times new roman', times, serif; color: #000000;\">Chambre 1p : \u00e0 partir de 110 \u20ac pt.d\u00e9j.: inclus&nbsp;<span style=\"color: #0000ff;\"><a style=\"color: #0000ff;\" href=\"http:\/\/www.hotelmontparnassealesia.com\/fr\/index.php\" target=\"_blank\" rel=\"noopener\"><span style=\"text-decoration: underline;\">Site web.<\/span><\/a><\/span><\/span><\/span><\/span><\/span><\/p>\n<p><span style=\"font-family: 'times new roman', times, serif;\"><span style=\"font-size: 12pt;\"><span style=\"color: #000000; font-style: normal; font-weight: 400;\"><b><span style=\"color: #000000; font-style: normal; font-weight: 400; font-size: 12pt;\"><strong>HOTEL ATELIER AL\u00c9SIA MONTPARNASSE<\/strong> (\u00e0 400m)<br>84 r. Raymond Losserand -75014 Paris \/ Tel: 01 45 42 16 03<br>Chambre 1p: \u00e0 partir de 136 \u20ac pt.d\u00e9j.: 12 \u20ac&nbsp;<span style=\"text-decoration: underline; color: #0000ff;\"><a style=\"color: #0000ff; text-decoration: underline;\" href=\"http:\/\/www.ateliermontparnasse.com\/\" target=\"_blank\" rel=\"noopener\">Site web.<\/a><\/span><\/span><\/b><\/span><\/span><\/span><\/p>\n<p><span style=\"font-family: 'times new roman', times, serif;\"><span style=\"font-size: 12pt;\"><span style=\"color: #000000; font-style: normal; font-weight: 400;\"><b>HOTEL DE LA LOIRE<\/b>&nbsp;(\u00e0 450m)<b><br><\/b>chambre sur jardin<b><br style=\"color: #000000; font-family: garamond, 'times new roman', times; font-size: medium;\"><span style=\"color: #000000; font-style: normal; font-weight: 400; font-size: 12pt;\">39 bis r. du Moulin Vert &#8211; 75014 Paris \/ Tel: 01 45 40 66 88<br>Chambre 1 p : \u00e0 partir de 80 \u20ac pt.d\u00e9j. 8,50 \u20ac<span style=\"text-decoration: underline;\"><span style=\"color: #0000ff; text-decoration: underline;\"><a style=\"color: #0000ff; text-decoration: underline;\" href=\"https:\/\/www.hoteldelaloire-paris.com\/\" target=\"_blank\" rel=\"noopener\">&nbsp;Site web.<\/a><\/span><\/span><\/span><\/b><\/span><\/span><\/span><\/p>\n<p><span style=\"font-family: 'times new roman', times, serif;\"><span style=\"font-size: 12pt;\"><span style=\"color: #000000; font-style: normal; font-weight: 400;\"><strong><span style=\"font-family: 'times new roman', times, serif; font-size: 12pt; color: #000000;\"><span style=\"font-style: normal;\">HOTEL CABANE&nbsp;<\/span><\/span><\/strong><b><span style=\"font-family: 'times new roman', times, serif; font-size: 12pt; color: #000000;\"><span style=\"font-style: normal; font-weight: 400;\">(\u00e0 450m)<br>76 r.&nbsp;<\/span><span style=\"font-style: normal; font-weight: 400;\">Raymond<\/span><span style=\"font-style: normal; font-weight: 400;\">&nbsp;Losserand -75014 Paris \/ Tel: 01 40 52 12 40<br>Chambre 2p : \u00e0 partir de 182 \u20ac pt.d\u00e9j.: 14 \u20ac <span style=\"color: #0000ff;\"><a style=\"color: #0000ff;\" href=\"https:\/\/www.9-hotel-montparnasse-paris.fr\/fr\/\" target=\"_blank\" rel=\"noopener\"><span style=\"text-decoration: underline;\">Site web.<\/span><\/a><\/span><\/span><\/span><\/b><\/span><\/span><\/span><\/p>\n<p><span style=\"font-family: 'times new roman', times, serif;\"><span style=\"font-size: 12pt;\"><span style=\"color: #000000; font-style: normal; font-weight: 400;\"><b><span style=\"font-family: 'times new roman', times, serif; color: #000000;\">55 MONTPARNASSE<\/span><\/b><span style=\"font-family: 'times new roman', times, serif; color: #000000;\">&nbsp;(\u00e0 500m)<\/span><b><br><\/b><span style=\"font-family: 'times new roman', times, serif; color: #000000;\">55 r. de Plaisance -75014 Paris \/ Tel: 01 45 42 81 43<\/span><br><span style=\"font-family: 'times new roman', times, serif; color: #000000;\">Chambre 2p : \u00e0 partir de 124 \u20ac pt.d\u00e9j.: 26 \u20ac&nbsp;<span style=\"color: #0000ff;\"><a style=\"color: #0000ff;\" href=\"http:\/\/www.55montparnasse.com\/\" target=\"_blank\" rel=\"noopener\"><span style=\"text-decoration: underline;\">Site web.<\/span><\/a><\/span><\/span><\/span><\/span><\/span><\/p>\n<p><span style=\"font-family: 'times new roman', times, serif;\"><span style=\"font-size: 12pt;\"><span style=\"color: #000000; font-style: normal; font-weight: 400;\"><b>HOTEL LES CITADINES&nbsp;<\/b>(\u00e0 550m)<br><\/span><span style=\"color: #000000; font-style: normal; font-weight: 400;\">94 r. Didot &#8211; 75014 Paris Tel: 01 45 40 66 88<br>Studio classic 1p : \u00e0 partir de 137 \u20ac pt.d\u00e9j. 10 \u20ac <span style=\"text-decoration: underline;\"><span style=\"color: #0000ff; text-decoration: underline;\"><a style=\"color: #0000ff; text-decoration: underline;\" href=\"http:\/\/www.citadines.com\/fr\/france\/paris\/didot-montparnasse.html\" target=\"_blank\" rel=\"noopener\">Site web.<\/a><\/span><\/span><br><\/span><\/span><span style=\"font-size: 12pt;\"><span style=\"color: #000000; font-style: normal; font-weight: 400;\"><br><\/span><\/span><\/span><span style=\"font-family: 'times new roman', times, serif;\"><span style=\"font-size: 12pt;\"><span style=\"color: #000000; font-style: normal; font-weight: 400;\"><b><strong>BEST WESTERN BRETAGNE MONTPARNASSE&nbsp;<\/strong><\/b>(\u00e0 800m)<br>33 r. Raymond Losserand -75014 Paris \/ Tel: 01 45 38 52 59<br>Chambre 1p : \u00e0 partir de 154 \u20ac pt.d\u00e9j.: 11 \u20ac&nbsp;<a href=\"http:\/\/www.bretagne-montparnasse.com\/fr\/index-fr.html\" target=\"_blank\" rel=\"noopener\"><span style=\"text-decoration: underline;\"><span style=\"color: #0000ff; text-decoration: underline;\">Site web.<\/span><\/span><\/a><\/span><\/span><\/span><\/p>\n<p><span style=\"color: #000000;\"><strong><span style=\"font-family: 'times new roman', times, serif;\">Plus de choix :<\/span><\/strong><\/span><br><span style=\"font-family: 'times new roman', times, serif;\"><span style=\"color: #000000;\">Booking<\/span> <a href=\"https:\/\/www.booking.com\/index.fr.html\" target=\"_blank\" rel=\"noopener\"><span style=\"text-decoration: underline;\"><span style=\"color: #0000ff; text-decoration: underline;\">Site web.<\/span><\/span><\/a><br><span style=\"color: #000000;\">Trivago<\/span> <a href=\"https:\/\/www.trivago.fr\/\" target=\"_blank\" rel=\"noopener\"><span style=\"text-decoration: underline;\"><span style=\"color: #0000ff; text-decoration: underline;\">Site web.<\/span><\/span><\/a><br><\/span><\/p>\t\t\t\t\t\t\t\t<\/div>\n\t\t\t\t<\/div>\n\t\t\t\t\t<\/div>\n\t\t<\/div>\n\t\t\t\t\t<\/div>\n\t\t<\/section>\n\t\t\t\t\t<\/div>\n\t\t<\/div>\n\t\t\t\t\t<\/div>\n\t\t<\/section>\n\t\t\t\t<section class=\"elementor-section elementor-top-section elementor-element elementor-element-372cf35 elementor-section-boxed elementor-section-height-default elementor-section-height-default\" data-id=\"372cf35\" data-element_type=\"section\">\n\t\t\t\t\t\t<div class=\"elementor-container elementor-column-gap-default\">\n\t\t\t\t\t<div class=\"elementor-column elementor-col-100 elementor-top-column elementor-element elementor-element-c17a057\" data-id=\"c17a057\" data-element_type=\"column\">\n\t\t\t<div class=\"elementor-widget-wrap elementor-element-populated\">\n\t\t\t\t\t\t<div class=\"elementor-element elementor-element-ecd77c2 elementor-widget elementor-widget-text-editor\" data-id=\"ecd77c2\" data-element_type=\"widget\" data-widget_type=\"text-editor.default\">\n\t\t\t\t<div class=\"elementor-widget-container\">\n\t\t\t\t\t\t\t\t\t<p style=\"text-align: center;\"><span style=\"font-family: 'times new roman', times, serif; color: #000000; font-size: 14pt;\">L&rsquo;Atelier Autrement &#8211; 177 rue Al\u00e9sia 75014 Paris &#8211; Tel : +33 01 45 42 27 46<\/span><\/p>\t\t\t\t\t\t\t\t<\/div>\n\t\t\t\t<\/div>\n\t\t\t\t\t<\/div>\n\t\t<\/div>\n\t\t\t\t\t<\/div>\n\t\t<\/section>\n\t\t\t\t<\/div>\n\t\t","protected":false},"excerpt":{"rendered":"<p>Pour faciliter vos journ\u00e9es chez nousquelques restaurants, traiteurs &amp; h\u00f4tels proches de \u201cl\u2019Atelier Autrement\u201d .Restaurants GIOIA\u00a0(restaurant italien \u00e0 250m)53 Rue Didot\u00a0&#8211; 75014 Paris \/ Tel:\u00a001 89 32 26 13ouv.\u00a0Site web.Menu\u00a0 LES ARTISTES (restaurant fran\u00e7. tradit.\u00a0\u00e0\u00a0250m)60 Rue Didot &#8211; 75014 Paris\u00a0\/ Tel:\u00a001 45 43 30 24\u00a0ouv.\u00a0Site web.Menu LE CHINEUR\u00a0(bar-restaurant fran\u00e7. tradit. \u00e0 270m)170 r. d\u2019 Al\u00e9sia [&hellip;]<\/p>\n","protected":false},"author":1,"featured_media":0,"parent":0,"menu_order":0,"comment_status":"closed","ping_status":"closed","template":"elementor_header_footer","meta":{"om_disable_all_campaigns":false,"_monsterinsights_skip_tracking":false,"_monsterinsights_sitenote_active":false,"_monsterinsights_sitenote_note":"","_monsterinsights_sitenote_category":0,"footnotes":""},"aioseo_notices":[],"_links":{"self":[{"href":"https:\/\/www.atelierautrement.com\/index.php\/wp-json\/wp\/v2\/pages\/22"}],"collection":[{"href":"https:\/\/www.atelierautrement.com\/index.php\/wp-json\/wp\/v2\/pages"}],"about":[{"href":"https:\/\/www.atelierautrement.com\/index.php\/wp-json\/wp\/v2\/types\/page"}],"author":[{"embeddable":true,"href":"https:\/\/www.atelierautrement.com\/index.php\/wp-json\/wp\/v2\/users\/1"}],"replies":[{"embeddable":true,"href":"https:\/\/www.atelierautrement.com\/index.php\/wp-json\/wp\/v2\/comments?post=22"}],"version-history":[{"count":66,"href":"https:\/\/www.atelierautrement.com\/index.php\/wp-json\/wp\/v2\/pages\/22\/revisions"}],"predecessor-version":[{"id":1430,"href":"https:\/\/www.atelierautrement.com\/index.php\/wp-json\/wp\/v2\/pages\/22\/revisions\/1430"}],"wp:attachment":[{"href":"https:\/\/www.atelierautrement.com\/index.php\/wp-json\/wp\/v2\/media?parent=22"}],"curies":[{"name":"wp","href":"https:\/\/api.w.org\/{rel}","templated":true}]}}