{"id":218,"date":"2018-08-30T03:48:35","date_gmt":"2018-08-30T01:48:35","guid":{"rendered":"http:\/\/mediteratn.cluster017.ovh.net\/?page_id=218"},"modified":"2018-09-17T19:40:09","modified_gmt":"2018-09-17T17:40:09","slug":"contact","status":"publish","type":"page","link":"https:\/\/www.atelierautrement.com\/index.php\/contact\/","title":{"rendered":"Contact"},"content":{"rendered":"<pre style=\"text-align: center;\"><span style=\"font-size: 14pt; color: #000000;\"><span style=\"font-family: 'times new roman', times, serif;\"><strong>Atelier Autrement\r\n177 rue Alesia75014 Paris<\/strong><\/span><span style=\"font-family: 'times new roman', times, serif;\">\r\n<strong>Tel : +33 01 45 42 27 46<\/strong><\/span><\/span><\/pre>\n<p style=\"text-align: justify;\"><span style=\"font-size: 20px;\"><span style=\"font-family: 'times new roman', times, serif; color: #000000;\">Afin de vous \u00e9tablir un devis personnalis\u00e9 <\/span><span style=\"font-family: 'times new roman', times, serif;\"><span style=\"color: #000000;\">qui tienne compte des meilleurs tarifs (location r\u00e9guli\u00e8re, basse saison, etc) et des diff\u00e9rents services dont vous pouvez avoir besoin<\/span> <a href=\"https:\/\/www.atelierautrement.com\/index.php\/demande-de-devis\/\" target=\"_blank\" rel=\"noopener\"><span style=\"text-decoration: underline;\"><span style=\"color: #0000ff; text-decoration: underline;\">envoyez-nous votre demande de devis<\/span><\/span><\/a> <span style=\"color: #000000;\">Nous vous r\u00e9pondrons dans les meilleurs d\u00e9lais.<\/span><\/span><\/span><\/p>\n<p style=\"text-align: center;\"><span style=\"font-size: 20px; font-family: 'times new roman', times, serif; color: #000000;\">Pour toutes autres demandes :<\/span><\/p>\n<p style=\"text-align: center;\"><div class=\"frm_forms  with_frm_style frm_style_style-formidable\" id=\"frm_form_7_container\" >\n<form enctype=\"multipart\/form-data\" method=\"post\" class=\"frm-show-form \" id=\"form_contact3\" >\n<div class=\"frm_form_fields \">\n<fieldset>\n<legend class=\"frm_screen_reader\">Formulaire de contact<\/legend>\r\n\r\n<div class=\"frm_fields_container\">\n<input type=\"hidden\" name=\"frm_action\" value=\"create\" \/>\n<input type=\"hidden\" name=\"form_id\" value=\"7\" \/>\n<input type=\"hidden\" name=\"frm_hide_fields_7\" id=\"frm_hide_fields_7\" value=\"\" \/>\n<input type=\"hidden\" name=\"form_key\" value=\"contact3\" \/>\n<input type=\"hidden\" name=\"item_meta[0]\" value=\"\" \/>\n<input type=\"hidden\" id=\"frm_submit_entry_7\" name=\"frm_submit_entry_7\" value=\"1137322edd\" \/><input type=\"hidden\" name=\"_wp_http_referer\" value=\"\/index.php\/wp-json\/wp\/v2\/pages\/218\" \/><div id=\"frm_field_69_container\" class=\"frm_form_field form-field  frm_required_field frm_inline_container\">\r\n    <label for=\"field_ygmot\" class=\"frm_primary_label\">Nom \/ Pr\u00e9nom :\r\n        <span class=\"frm_required\">*<\/span>\r\n    <\/label>\r\n    <input type=\"text\" id=\"field_ygmot\" name=\"item_meta[69]\" value=\"\"  data-reqmsg=\"Ce champ ne peut pas \u00eatre vide\" aria-required=\"true\" data-invmsg=\"texte est non valide\" aria-invalid=\"false\"  \/>\r\n    \r\n    \r\n<\/div>\n<div id=\"frm_field_71_container\" class=\"frm_form_field form-field  frm_required_field frm_inline_container\">\r\n    <label for=\"field_8rtqw\" class=\"frm_primary_label\">E-mail :\r\n        <span class=\"frm_required\">*<\/span>\r\n    <\/label>\r\n    <input type=\"email\" id=\"field_8rtqw\" name=\"item_meta[71]\" value=\"\"  data-reqmsg=\"Ce champ ne peut pas \u00eatre vide\" aria-required=\"true\" data-invmsg=\"E-mail est non valide\" aria-invalid=\"false\"  \/>\r\n    \r\n    \r\n<\/div>\n<div id=\"frm_field_72_container\" class=\"frm_form_field form-field  frm_inline_container\">\r\n    <label for=\"field_efvu0\" class=\"frm_primary_label\">Objet :\r\n        <span class=\"frm_required\"><\/span>\r\n    <\/label>\r\n    <input type=\"text\" id=\"field_efvu0\" name=\"item_meta[72]\" value=\"\"  data-invmsg=\"texte est non valide\" aria-invalid=\"false\"  \/>\r\n    \r\n    \r\n<\/div>\n<div id=\"frm_field_73_container\" class=\"frm_form_field form-field  frm_top_container\">\r\n    <label for=\"field_9djs3\" class=\"frm_primary_label\">Votre message :\r\n        <span class=\"frm_required\"><\/span>\r\n    <\/label>\r\n    <textarea name=\"item_meta[73]\" id=\"field_9djs3\" rows=\"5\"  data-invmsg=\"Votre message : est non valide\" aria-invalid=\"false\"  ><\/textarea>\r\n    \r\n    \r\n<\/div>\n\t<input type=\"hidden\" name=\"item_key\" value=\"\" \/>\n\t\t\t<div id=\"frm_field_79_container\">\n\t\t\t<label for=\"field_kzy4q\" >\n\t\t\t\tSi vous \u00eates un humain, ne remplissez pas ce champ.\t\t\t<\/label>\n\t\t\t<input  id=\"field_kzy4q\" type=\"text\" class=\"frm_form_field form-field frm_verify\" name=\"item_meta[79]\" value=\"\"  \/>\n\t\t<\/div>\n\t\t<input name=\"frm_state\" type=\"hidden\" value=\"AFEtIzndLh\/ERKHLgFqbF5+ytIiSIhMv9mfntk9FnLQ=\" \/><div class=\"frm_submit\">\r\n\r\n<button class=\"frm_button_submit\" type=\"submit\"  >Envoyer<\/button>\r\n\r\n<\/div><\/div>\n<\/fieldset>\n<\/div>\n\n<p style=\"display: none !important;\" class=\"akismet-fields-container\" data-prefix=\"ak_\"><label>&#916;<textarea name=\"ak_hp_textarea\" cols=\"45\" rows=\"8\" maxlength=\"100\"><\/textarea><\/label><input type=\"hidden\" id=\"ak_js_1\" name=\"ak_js\" value=\"100\"\/><script type=\"text\/javascript\">\n\/* <![CDATA[ *\/\ndocument.getElementById( \"ak_js_1\" ).setAttribute( \"value\", ( new Date() ).getTime() );\n\/* ]]> *\/\n<\/script>\n<\/p><\/form>\n<\/div>\n<\/p>\n<p style=\"text-align: center;\"><span style=\"font-size: 14pt; color: #000000; font-family: 'times new roman', times, serif;\">L&rsquo;Atelier Autrement &#8211; 177 rue Al\u00e9sia 75014 Paris &#8211; Tel : +33 01 45 42 27 46<\/span><\/p>\n","protected":false},"excerpt":{"rendered":"<p>Atelier Autrement 177 rue Alesia75014 Paris Tel : +33 01 45 42 27 46 Afin de vous \u00e9tablir un devis personnalis\u00e9 qui tienne compte des meilleurs tarifs (location r\u00e9guli\u00e8re, basse saison, etc) et des diff\u00e9rents services dont vous pouvez avoir besoin envoyez-nous votre demande de devis Nous vous r\u00e9pondrons dans les meilleurs d\u00e9lais. Pour toutes [&hellip;]<\/p>\n","protected":false},"author":1,"featured_media":0,"parent":0,"menu_order":0,"comment_status":"closed","ping_status":"closed","template":"elementor_header_footer","meta":{"om_disable_all_campaigns":false,"_monsterinsights_skip_tracking":false,"_monsterinsights_sitenote_active":false,"_monsterinsights_sitenote_note":"","_monsterinsights_sitenote_category":0,"footnotes":""},"aioseo_notices":[],"_links":{"self":[{"href":"https:\/\/www.atelierautrement.com\/index.php\/wp-json\/wp\/v2\/pages\/218"}],"collection":[{"href":"https:\/\/www.atelierautrement.com\/index.php\/wp-json\/wp\/v2\/pages"}],"about":[{"href":"https:\/\/www.atelierautrement.com\/index.php\/wp-json\/wp\/v2\/types\/page"}],"author":[{"embeddable":true,"href":"https:\/\/www.atelierautrement.com\/index.php\/wp-json\/wp\/v2\/users\/1"}],"replies":[{"embeddable":true,"href":"https:\/\/www.atelierautrement.com\/index.php\/wp-json\/wp\/v2\/comments?post=218"}],"version-history":[{"count":36,"href":"https:\/\/www.atelierautrement.com\/index.php\/wp-json\/wp\/v2\/pages\/218\/revisions"}],"predecessor-version":[{"id":1152,"href":"https:\/\/www.atelierautrement.com\/index.php\/wp-json\/wp\/v2\/pages\/218\/revisions\/1152"}],"wp:attachment":[{"href":"https:\/\/www.atelierautrement.com\/index.php\/wp-json\/wp\/v2\/media?parent=218"}],"curies":[{"name":"wp","href":"https:\/\/api.w.org\/{rel}","templated":true}]}}