{"id":190,"date":"2018-08-30T02:23:03","date_gmt":"2018-08-30T00:23:03","guid":{"rendered":"http:\/\/mediteratn.cluster017.ovh.net\/?page_id=190"},"modified":"2018-09-09T01:29:11","modified_gmt":"2018-09-08T23:29:11","slug":"plan-acces","status":"publish","type":"page","link":"https:\/\/www.atelierautrement.com\/index.php\/plan-acces\/","title":{"rendered":"Plan d&rsquo;acc\u00e8s"},"content":{"rendered":"\t\t<div data-elementor-type=\"wp-page\" data-elementor-id=\"190\" class=\"elementor elementor-190 elementor-bc-flex-widget\">\n\t\t\t\t\t\t<section class=\"elementor-section elementor-top-section elementor-element elementor-element-2e941b9e elementor-section-boxed elementor-section-height-default elementor-section-height-default\" data-id=\"2e941b9e\" data-element_type=\"section\">\n\t\t\t\t\t\t<div class=\"elementor-container elementor-column-gap-default\">\n\t\t\t\t\t<div class=\"elementor-column elementor-col-100 elementor-top-column elementor-element elementor-element-557c0f49\" data-id=\"557c0f49\" data-element_type=\"column\">\n\t\t\t<div class=\"elementor-widget-wrap elementor-element-populated\">\n\t\t\t\t\t\t<div class=\"elementor-element elementor-element-ec5ea29 elementor-widget elementor-widget-text-editor\" data-id=\"ec5ea29\" data-element_type=\"widget\" data-widget_type=\"text-editor.default\">\n\t\t\t\t<div class=\"elementor-widget-container\">\n\t\t\t\t\t\t\t\t\t<p><img fetchpriority=\"high\" decoding=\"async\" class=\"size-full wp-image-208 aligncenter\" src=\"http:\/\/mediteratn.cluster017.ovh.net\/wp-content\/uploads\/2018\/08\/planweb_2_small2.jpg\" alt=\"\" width=\"690\" height=\"394\" srcset=\"https:\/\/www.atelierautrement.com\/wp-content\/uploads\/2018\/08\/planweb_2_small2.jpg 690w, https:\/\/www.atelierautrement.com\/wp-content\/uploads\/2018\/08\/planweb_2_small2-300x171.jpg 300w\" sizes=\"(max-width: 690px) 100vw, 690px\" \/><\/p><p style=\"text-align: center;\"><span style=\"text-decoration: underline;\"><span style=\"font-size: 18pt; font-family: 'times new roman', times, serif; color: #0000ff;\"><a style=\"color: #0000ff;\" href=\"https:\/\/www.google.fr\/maps\/place\/177+Rue+d'Al%C3%A9sia,+75014+Paris\/@48.8309682,2.3152227,17z\/data=!3m1!4b1!4m5!3m4!1s0x47e6704c89a7abfd:0xe3071d6cf2841dcd!8m2!3d48.8309682!4d2.3174114\" target=\"_rpbrowser\"><strong>Plan Google<\/strong><\/a><\/span><\/span><\/p><p style=\"text-align: center;\"><span style=\"font-size: 14pt; font-family: 'times new roman', times, serif; color: #000000;\">A 200 m du m\u00e9tro Plaisance (Ligne 13) \/ A 700 m du metro Al\u00e9sia (Ligne 4)\u00a0<\/span><br \/><span style=\"font-family: 'times new roman', times, serif; font-size: 14pt; color: #000000;\">A 50 m\u00a0du bus 62 \/ A 150 m du bus 58 (Al\u00e9sia-Didot) \/ A 800 m du Tramway T3A (Didot)<br \/>. A 1000 m du bld. p\u00e9riph\u00e9rique (portes Bran\u00e7ion, Vanves, Ch\u00e2tillon) \/ A 1500 m de l\u2019autoroute du sud (A1)<br \/>. A 1200 m de la gare SNCF Montparnasse \/ A 1500 m de la gare RER-RATP de Denfert Rochereau.\u00a0<\/span><\/p><p style=\"text-align: center;\"><span style=\"font-family: 'times new roman', times, serif; color: #000000; font-size: 14pt;\">L&rsquo;Atelier Autrement &#8211; 177 rue Al\u00e9sia 75014 Paris &#8211; Tel : +33 01 45 42 27 46<\/span><\/p>\t\t\t\t\t\t\t\t<\/div>\n\t\t\t\t<\/div>\n\t\t\t\t\t<\/div>\n\t\t<\/div>\n\t\t\t\t\t<\/div>\n\t\t<\/section>\n\t\t\t\t<\/div>\n\t\t","protected":false},"excerpt":{"rendered":"<p>Plan Google A 200 m du m\u00e9tro Plaisance (Ligne 13) \/ A 700 m du metro Al\u00e9sia (Ligne 4)\u00a0A 50 m\u00a0du bus 62 \/ A 150 m du bus 58 (Al\u00e9sia-Didot) \/ A 800 m du Tramway T3A (Didot). A 1000 m du bld. p\u00e9riph\u00e9rique (portes Bran\u00e7ion, Vanves, Ch\u00e2tillon) \/ A 1500 m de l\u2019autoroute [&hellip;]<\/p>\n","protected":false},"author":1,"featured_media":0,"parent":0,"menu_order":0,"comment_status":"closed","ping_status":"closed","template":"fullwidth-page.php","meta":{"om_disable_all_campaigns":false,"_monsterinsights_skip_tracking":false,"_monsterinsights_sitenote_active":false,"_monsterinsights_sitenote_note":"","_monsterinsights_sitenote_category":0,"footnotes":""},"aioseo_notices":[],"_links":{"self":[{"href":"https:\/\/www.atelierautrement.com\/index.php\/wp-json\/wp\/v2\/pages\/190"}],"collection":[{"href":"https:\/\/www.atelierautrement.com\/index.php\/wp-json\/wp\/v2\/pages"}],"about":[{"href":"https:\/\/www.atelierautrement.com\/index.php\/wp-json\/wp\/v2\/types\/page"}],"author":[{"embeddable":true,"href":"https:\/\/www.atelierautrement.com\/index.php\/wp-json\/wp\/v2\/users\/1"}],"replies":[{"embeddable":true,"href":"https:\/\/www.atelierautrement.com\/index.php\/wp-json\/wp\/v2\/comments?post=190"}],"version-history":[{"count":13,"href":"https:\/\/www.atelierautrement.com\/index.php\/wp-json\/wp\/v2\/pages\/190\/revisions"}],"predecessor-version":[{"id":950,"href":"https:\/\/www.atelierautrement.com\/index.php\/wp-json\/wp\/v2\/pages\/190\/revisions\/950"}],"wp:attachment":[{"href":"https:\/\/www.atelierautrement.com\/index.php\/wp-json\/wp\/v2\/media?parent=190"}],"curies":[{"name":"wp","href":"https:\/\/api.w.org\/{rel}","templated":true}]}}