{"id":141,"date":"2018-08-29T23:42:58","date_gmt":"2018-08-29T21:42:58","guid":{"rendered":"http:\/\/mediteratn.cluster017.ovh.net\/?page_id=141"},"modified":"2019-03-30T20:56:17","modified_gmt":"2019-03-30T19:56:17","slug":"description","status":"publish","type":"page","link":"https:\/\/www.atelierautrement.com\/index.php\/description\/","title":{"rendered":"Description"},"content":{"rendered":"\t\t<div data-elementor-type=\"wp-post\" data-elementor-id=\"141\" class=\"elementor elementor-141 elementor-bc-flex-widget\">\n\t\t\t\t\t\t<section class=\"elementor-section elementor-top-section elementor-element elementor-element-8c10b62 elementor-section-boxed elementor-section-height-default elementor-section-height-default\" data-id=\"8c10b62\" data-element_type=\"section\">\n\t\t\t\t\t\t<div class=\"elementor-container elementor-column-gap-default\">\n\t\t\t\t\t<div class=\"elementor-column elementor-col-100 elementor-top-column elementor-element elementor-element-50d4817\" data-id=\"50d4817\" data-element_type=\"column\">\n\t\t\t<div class=\"elementor-widget-wrap elementor-element-populated\">\n\t\t\t\t\t\t<section class=\"elementor-section elementor-inner-section elementor-element elementor-element-5956d0f elementor-section-boxed elementor-section-height-default elementor-section-height-default\" data-id=\"5956d0f\" data-element_type=\"section\">\n\t\t\t\t\t\t<div class=\"elementor-container elementor-column-gap-default\">\n\t\t\t\t\t<div class=\"elementor-column elementor-col-50 elementor-inner-column elementor-element elementor-element-473b96b\" data-id=\"473b96b\" data-element_type=\"column\">\n\t\t\t<div class=\"elementor-widget-wrap elementor-element-populated\">\n\t\t\t\t\t\t<div class=\"elementor-element elementor-element-a9c82ad elementor-widget elementor-widget-text-editor\" data-id=\"a9c82ad\" data-element_type=\"widget\" data-widget_type=\"text-editor.default\">\n\t\t\t\t<div class=\"elementor-widget-container\">\n\t\t\t\t\t\t\t\t\t<p style=\"color: #000000; font-family: garamond, 'times new roman', times; font-size: medium; font-style: normal; font-weight: 400;\"><span style=\"font-family: 'times new roman', times, serif; font-size: 18pt; color: #000000;\"><strong>\u00ab\u00a0L\u2019Atelier Autrement\u00a0\u00bb<\/strong><\/span><br \/><span style=\"color: #000000;\"><span style=\"font-family: 'times new roman', times, serif; font-size: 18pt;\"><strong>Un lieu atypique, plein de charme<br \/><\/strong><\/span><span style=\"font-family: 'times new roman', times, serif;\"><strong><span style=\"font-size: 18pt;\">un nid de verdure en plein Paris &#8230;<\/span><br \/><\/strong><\/span><\/span><br \/><span style=\"font-family: 'times new roman', times, serif; color: #000000; font-size: 14pt;\"><strong>Situ\u00e9s de plain-pied sur un ravissant jardin arbor\u00e9,<\/strong><\/span><br \/><span style=\"font-family: 'times new roman', times, serif; color: #000000; font-size: 14pt;\">nos locaux peuvent \u00eatre am\u00e9nag\u00e9s selon vos besoins pour des r\u00e9unions,<br \/>formations, stages, s\u00e9minaires, th\u00e9rapies, d\u00e9veloppements personnels,<br \/>expositions, prises de vues, castings, etc &#8230;<br \/><\/span><br \/><span style=\"font-size: 14pt; font-family: 'times new roman', times, serif; color: #000000;\"><strong>Dans le 14 \u00e8me, pr\u00e8s de Montparnasse et de la Porte d&rsquo;Orl\u00e9ans,<\/strong><br \/>nos locaux sont tr\u00e8s accessibles par de nombreux moyens de transport.<br \/><\/span><br \/><span style=\"font-family: 'times new roman', times, serif; color: #000000; font-size: 14pt;\"><strong>La grande salle de 70 m<\/strong><strong>2<\/strong><strong>.<\/strong><br \/>Tr\u00e8s haute de plafond et \u00e9quip\u00e9e de verri\u00e8res lumineuses,<br \/>notre grande salle est situ\u00e9e de plain-pied sur le jardin.<br \/>De fr\u00e9quentes expositions d\u00e9corent les murs de la salle.<\/span><\/p><p><span style=\"font-family: 'times new roman', times, serif; color: #000000; font-size: 14pt;\"><strong>La petite salle de 10 m<\/strong><strong>2<\/strong><strong>, \u00e9galement de plain-pied sur le jardin,<\/strong><br \/>peut \u00eatre utilis\u00e9e en compl\u00e9ment de la grande ou ind\u00e9pendamment<br \/>pour des sessions individuelles, massages, coaching &#8230;<\/span><\/p><p><span style=\"font-size: 14pt; font-family: 'times new roman', times, serif; color: #000000;\"><strong>De nombreux \u00e9quipements sont mis \u00e0 votre disposition :<\/strong><br \/>chaises, tables, tapis de yoga, zafus\/coussins\/bancs de m\u00e9ditation,\u00a0<\/span><br \/><span style=\"font-size: 14pt; font-family: 'times new roman', times, serif; color: #000000;\">\u00e9cran, paper-boards, sono, TV, magn\u00e9toscope, internet haut d\u00e9bit,\u00a0<\/span><br \/><span style=\"font-size: 14pt; font-family: 'times new roman', times, serif; color: #000000;\">bouilloire, cafeti\u00e8re, frigidaire &#8230;<\/span><\/p><p><span style=\"color: #000000; font-size: 14pt;\"><span style=\"font-family: 'times new roman', times, serif;\"><strong>Visitez nos locaux<\/strong>\u00a0sur RDV pour ne pas d\u00e9ranger les activit\u00e9s en\u00a0<\/span><span style=\"font-family: 'times new roman', times, serif;\">cours.<\/span><\/span><\/p><p><span style=\"font-size: 14pt; font-family: 'times new roman', times, serif; color: #000000;\">Nous n&rsquo;accueillons pas de manifestation festive (f\u00eate, mariage &#8230;),<br \/>nos locaux n&rsquo;\u00e9tant pas adapt\u00e9s pour ces activit\u00e9s.<\/span><\/p><p><span style=\"font-family: 'times new roman', times, serif; font-size: 18pt; color: #000000;\"><strong>l&rsquo;Atelier Autrement<\/strong><strong>\u00a0&#8230;<\/strong><\/span><br \/><span style=\"font-size: 18pt; font-family: 'times new roman', times, serif; color: #000000;\"><strong>c&rsquo;est la campagne \u00e0 Paris &#8230;<\/strong><\/span><br \/><span style=\"font-size: 18pt; font-family: 'times new roman', times, serif; color: #000000;\"><strong>et la garantie d&rsquo;une journ\u00e9e <\/strong><\/span><strong style=\"color: #000000; font-family: 'times new roman', times, serif; font-size: 18pt;\">de travail r\u00e9ussie !<\/strong><\/p>\t\t\t\t\t\t\t\t<\/div>\n\t\t\t\t<\/div>\n\t\t\t\t\t<\/div>\n\t\t<\/div>\n\t\t\t\t<div class=\"elementor-column elementor-col-50 elementor-inner-column elementor-element elementor-element-9f08a34\" data-id=\"9f08a34\" data-element_type=\"column\">\n\t\t\t<div class=\"elementor-widget-wrap elementor-element-populated\">\n\t\t\t\t\t\t<div class=\"elementor-element elementor-element-e7bdcc3 gallery-spacing-custom elementor-widget elementor-widget-image-gallery\" data-id=\"e7bdcc3\" data-element_type=\"widget\" data-widget_type=\"image-gallery.default\">\n\t\t\t\t<div class=\"elementor-widget-container\">\n\t\t\t\t\t\t\t<div class=\"elementor-image-gallery\">\n\t\t\t<div id='gallery-1' class='gallery galleryid-141 gallery-columns-1 gallery-size-medium'><figure class='gallery-item'>\n\t\t\t<div class='gallery-icon landscape'>\n\t\t\t\t<a data-elementor-open-lightbox=\"yes\" data-elementor-lightbox-slideshow=\"e7bdcc3\" data-elementor-lightbox-title=\"AA salle vide Miniature\" data-e-action-hash=\"#elementor-action%3Aaction%3Dlightbox%26settings%3DeyJpZCI6MzA2LCJ1cmwiOiJodHRwczpcL1wvd3d3LmF0ZWxpZXJhdXRyZW1lbnQuY29tXC93cC1jb250ZW50XC91cGxvYWRzXC8yMDE4XC8wOFwvQUEtc2FsbGUtdmlkZS1NaW5pYXR1cmUuanBnIiwic2xpZGVzaG93IjoiZTdiZGNjMyJ9\" href='https:\/\/www.atelierautrement.com\/wp-content\/uploads\/2018\/08\/AA-salle-vide-Miniature.jpg'><img decoding=\"async\" width=\"300\" height=\"139\" src=\"https:\/\/www.atelierautrement.com\/wp-content\/uploads\/2018\/08\/AA-salle-vide-Miniature-300x139.jpg\" class=\"attachment-medium size-medium\" alt=\"\" aria-describedby=\"gallery-1-306\" \/><\/a>\n\t\t\t<\/div>\n\t\t\t\t<figcaption class='wp-caption-text gallery-caption' id='gallery-1-306'>\n\t\t\t\tConfig.1 : salle vide (70 m2)\n\t\t\t\t<\/figcaption><\/figure><figure class='gallery-item'>\n\t\t\t<div class='gallery-icon landscape'>\n\t\t\t\t<a data-elementor-open-lightbox=\"yes\" data-elementor-lightbox-slideshow=\"e7bdcc3\" data-elementor-lightbox-title=\"AA en U ou carre Miniature\" data-e-action-hash=\"#elementor-action%3Aaction%3Dlightbox%26settings%3DeyJpZCI6MzA1LCJ1cmwiOiJodHRwczpcL1wvd3d3LmF0ZWxpZXJhdXRyZW1lbnQuY29tXC93cC1jb250ZW50XC91cGxvYWRzXC8yMDE4XC8wOFwvQUEtZW4tVS1vdS1jYXJyZS1NaW5pYXR1cmUuanBnIiwic2xpZGVzaG93IjoiZTdiZGNjMyJ9\" href='https:\/\/www.atelierautrement.com\/wp-content\/uploads\/2018\/08\/AA-en-U-ou-carre-Miniature.jpg'><img decoding=\"async\" width=\"300\" height=\"139\" src=\"https:\/\/www.atelierautrement.com\/wp-content\/uploads\/2018\/08\/AA-en-U-ou-carre-Miniature-300x139.jpg\" class=\"attachment-medium size-medium\" alt=\"\" aria-describedby=\"gallery-1-305\" \/><\/a>\n\t\t\t<\/div>\n\t\t\t\t<figcaption class='wp-caption-text gallery-caption' id='gallery-1-305'>\n\t\t\t\tConfig.2 : en U ou carr\u00e9 \n\t\t\t\t<\/figcaption><\/figure><figure class='gallery-item'>\n\t\t\t<div class='gallery-icon landscape'>\n\t\t\t\t<a data-elementor-open-lightbox=\"yes\" data-elementor-lightbox-slideshow=\"e7bdcc3\" data-elementor-lightbox-title=\"AA en ecole Miniature\" data-e-action-hash=\"#elementor-action%3Aaction%3Dlightbox%26settings%3DeyJpZCI6MzAzLCJ1cmwiOiJodHRwczpcL1wvd3d3LmF0ZWxpZXJhdXRyZW1lbnQuY29tXC93cC1jb250ZW50XC91cGxvYWRzXC8yMDE4XC8wOFwvQUEtZW4tZWNvbGUtTWluaWF0dXJlLmpwZyIsInNsaWRlc2hvdyI6ImU3YmRjYzMifQ%3D%3D\" href='https:\/\/www.atelierautrement.com\/wp-content\/uploads\/2018\/08\/AA-en-ecole-Miniature.jpg'><img decoding=\"async\" width=\"300\" height=\"139\" src=\"https:\/\/www.atelierautrement.com\/wp-content\/uploads\/2018\/08\/AA-en-ecole-Miniature-300x139.jpg\" class=\"attachment-medium size-medium\" alt=\"\" aria-describedby=\"gallery-1-303\" \/><\/a>\n\t\t\t<\/div>\n\t\t\t\t<figcaption class='wp-caption-text gallery-caption' id='gallery-1-303'>\n\t\t\t\tConfig.3 : en \u00e9cole\n\t\t\t\t<\/figcaption><\/figure><figure class='gallery-item'>\n\t\t\t<div class='gallery-icon landscape'>\n\t\t\t\t<a data-elementor-open-lightbox=\"yes\" data-elementor-lightbox-slideshow=\"e7bdcc3\" data-elementor-lightbox-title=\"AA en theatre Miniature\" data-e-action-hash=\"#elementor-action%3Aaction%3Dlightbox%26settings%3DeyJpZCI6MzA0LCJ1cmwiOiJodHRwczpcL1wvd3d3LmF0ZWxpZXJhdXRyZW1lbnQuY29tXC93cC1jb250ZW50XC91cGxvYWRzXC8yMDE4XC8wOFwvQUEtZW4tdGhlYXRyZS1NaW5pYXR1cmUuanBnIiwic2xpZGVzaG93IjoiZTdiZGNjMyJ9\" href='https:\/\/www.atelierautrement.com\/wp-content\/uploads\/2018\/08\/AA-en-theatre-Miniature.jpg'><img loading=\"lazy\" decoding=\"async\" width=\"300\" height=\"139\" src=\"https:\/\/www.atelierautrement.com\/wp-content\/uploads\/2018\/08\/AA-en-theatre-Miniature-300x139.jpg\" class=\"attachment-medium size-medium\" alt=\"\" aria-describedby=\"gallery-1-304\" \/><\/a>\n\t\t\t<\/div>\n\t\t\t\t<figcaption class='wp-caption-text gallery-caption' id='gallery-1-304'>\n\t\t\t\tConfig.4 : en th\u00e9\u00e2tre\n\t\t\t\t<\/figcaption><\/figure><figure class='gallery-item'>\n\t\t\t<div class='gallery-icon landscape'>\n\t\t\t\t<a data-elementor-open-lightbox=\"yes\" data-elementor-lightbox-slideshow=\"e7bdcc3\" data-elementor-lightbox-title=\"AA en cabaret Miniature\" data-e-action-hash=\"#elementor-action%3Aaction%3Dlightbox%26settings%3DeyJpZCI6MzAyLCJ1cmwiOiJodHRwczpcL1wvd3d3LmF0ZWxpZXJhdXRyZW1lbnQuY29tXC93cC1jb250ZW50XC91cGxvYWRzXC8yMDE4XC8wOFwvQUEtZW4tY2FiYXJldC1NaW5pYXR1cmUuanBnIiwic2xpZGVzaG93IjoiZTdiZGNjMyJ9\" href='https:\/\/www.atelierautrement.com\/wp-content\/uploads\/2018\/08\/AA-en-cabaret-Miniature.jpg'><img loading=\"lazy\" decoding=\"async\" width=\"300\" height=\"139\" src=\"https:\/\/www.atelierautrement.com\/wp-content\/uploads\/2018\/08\/AA-en-cabaret-Miniature-300x139.jpg\" class=\"attachment-medium size-medium\" alt=\"\" aria-describedby=\"gallery-1-302\" \/><\/a>\n\t\t\t<\/div>\n\t\t\t\t<figcaption class='wp-caption-text gallery-caption' id='gallery-1-302'>\n\t\t\t\tConfig.5 : en cabaret\n\t\t\t\t<\/figcaption><\/figure><figure class='gallery-item'>\n\t\t\t<div class='gallery-icon landscape'>\n\t\t\t\t<a data-elementor-open-lightbox=\"yes\" data-elementor-lightbox-slideshow=\"e7bdcc3\" data-elementor-lightbox-title=\"_DSC3779\" data-e-action-hash=\"#elementor-action%3Aaction%3Dlightbox%26settings%3DeyJpZCI6NjgzLCJ1cmwiOiJodHRwczpcL1wvd3d3LmF0ZWxpZXJhdXRyZW1lbnQuY29tXC93cC1jb250ZW50XC91cGxvYWRzXC8yMDE4XC8wOVwvRFNDMzc3OS5qcGciLCJzbGlkZXNob3ciOiJlN2JkY2MzIn0%3D\" href='https:\/\/www.atelierautrement.com\/wp-content\/uploads\/2018\/09\/DSC3779.jpg'><img loading=\"lazy\" decoding=\"async\" width=\"300\" height=\"155\" src=\"https:\/\/www.atelierautrement.com\/wp-content\/uploads\/2018\/09\/DSC3779-300x155.jpg\" class=\"attachment-medium size-medium\" alt=\"\" aria-describedby=\"gallery-1-683\" srcset=\"https:\/\/www.atelierautrement.com\/wp-content\/uploads\/2018\/09\/DSC3779-300x155.jpg 300w, https:\/\/www.atelierautrement.com\/wp-content\/uploads\/2018\/09\/DSC3779-768x396.jpg 768w, https:\/\/www.atelierautrement.com\/wp-content\/uploads\/2018\/09\/DSC3779.jpg 962w\" sizes=\"(max-width: 300px) 100vw, 300px\" \/><\/a>\n\t\t\t<\/div>\n\t\t\t\t<figcaption class='wp-caption-text gallery-caption' id='gallery-1-683'>\n\t\t\t\tConfig.6 : en cercle\n\t\t\t\t<\/figcaption><\/figure>\n\t\t<\/div>\n\t\t<\/div>\n\t\t\t\t\t\t<\/div>\n\t\t\t\t<\/div>\n\t\t\t\t\t<\/div>\n\t\t<\/div>\n\t\t\t\t\t<\/div>\n\t\t<\/section>\n\t\t\t\t\t<\/div>\n\t\t<\/div>\n\t\t\t\t\t<\/div>\n\t\t<\/section>\n\t\t\t\t<section class=\"elementor-section elementor-top-section elementor-element elementor-element-2d57ca7 elementor-section-boxed elementor-section-height-default elementor-section-height-default\" data-id=\"2d57ca7\" data-element_type=\"section\">\n\t\t\t\t\t\t<div class=\"elementor-container elementor-column-gap-default\">\n\t\t\t\t\t<div class=\"elementor-column elementor-col-100 elementor-top-column elementor-element elementor-element-9abdf5e\" data-id=\"9abdf5e\" data-element_type=\"column\">\n\t\t\t<div class=\"elementor-widget-wrap elementor-element-populated\">\n\t\t\t\t\t\t<div class=\"elementor-element elementor-element-dac296b elementor-widget elementor-widget-text-editor\" data-id=\"dac296b\" data-element_type=\"widget\" data-widget_type=\"text-editor.default\">\n\t\t\t\t<div class=\"elementor-widget-container\">\n\t\t\t\t\t\t\t\t\t<p style=\"text-align: center;\"><span style=\"font-family: 'times new roman', times, serif; color: #000000; font-size: 14pt;\">L&rsquo;Atelier Autrement &#8211; 177 rue Al\u00e9sia 75014 Paris &#8211; Tel : +33 01 45 42 27 46<\/span><\/p>\t\t\t\t\t\t\t\t<\/div>\n\t\t\t\t<\/div>\n\t\t\t\t\t<\/div>\n\t\t<\/div>\n\t\t\t\t\t<\/div>\n\t\t<\/section>\n\t\t\t\t<\/div>\n\t\t","protected":false},"excerpt":{"rendered":"<p>\u00ab\u00a0L\u2019Atelier Autrement\u00a0\u00bbUn lieu atypique, plein de charmeun nid de verdure en plein Paris &#8230;Situ\u00e9s de plain-pied sur un ravissant jardin arbor\u00e9,nos locaux peuvent \u00eatre am\u00e9nag\u00e9s selon vos besoins pour des r\u00e9unions,formations, stages, s\u00e9minaires, th\u00e9rapies, d\u00e9veloppements personnels,expositions, prises de vues, castings, etc &#8230; Dans le 14 \u00e8me, pr\u00e8s de Montparnasse et de la Porte d&rsquo;Orl\u00e9ans,nos locaux [&hellip;]<\/p>\n","protected":false},"author":1,"featured_media":0,"parent":0,"menu_order":0,"comment_status":"closed","ping_status":"closed","template":"elementor_header_footer","meta":{"om_disable_all_campaigns":false,"_monsterinsights_skip_tracking":false,"_monsterinsights_sitenote_active":false,"_monsterinsights_sitenote_note":"","_monsterinsights_sitenote_category":0,"footnotes":""},"aioseo_notices":[],"_links":{"self":[{"href":"https:\/\/www.atelierautrement.com\/index.php\/wp-json\/wp\/v2\/pages\/141"}],"collection":[{"href":"https:\/\/www.atelierautrement.com\/index.php\/wp-json\/wp\/v2\/pages"}],"about":[{"href":"https:\/\/www.atelierautrement.com\/index.php\/wp-json\/wp\/v2\/types\/page"}],"author":[{"embeddable":true,"href":"https:\/\/www.atelierautrement.com\/index.php\/wp-json\/wp\/v2\/users\/1"}],"replies":[{"embeddable":true,"href":"https:\/\/www.atelierautrement.com\/index.php\/wp-json\/wp\/v2\/comments?post=141"}],"version-history":[{"count":34,"href":"https:\/\/www.atelierautrement.com\/index.php\/wp-json\/wp\/v2\/pages\/141\/revisions"}],"predecessor-version":[{"id":1182,"href":"https:\/\/www.atelierautrement.com\/index.php\/wp-json\/wp\/v2\/pages\/141\/revisions\/1182"}],"wp:attachment":[{"href":"https:\/\/www.atelierautrement.com\/index.php\/wp-json\/wp\/v2\/media?parent=141"}],"curies":[{"name":"wp","href":"https:\/\/api.w.org\/{rel}","templated":true}]}}