{"id":1280,"date":"2024-05-15T17:40:39","date_gmt":"2024-05-15T15:40:39","guid":{"rendered":"https:\/\/www.atelierautrement.com\/?page_id=1280"},"modified":"2024-05-15T18:31:19","modified_gmt":"2024-05-15T16:31:19","slug":"apt3","status":"publish","type":"page","link":"https:\/\/www.atelierautrement.com\/index.php\/apt3\/","title":{"rendered":"location appartement 75014 Paris Quartier Plaisance. (Apt3)"},"content":{"rendered":"\n<p class=\"has-text-align-left has-black-color has-text-color has-link-color wp-elements-64e72a7c6c046088520c8fa0ea282d7f\" style=\"font-size:22px\"><strong>Location appartement 75014 Paris Quartier Plaisance. (Apt3)<\/strong><\/p>\n\n\n\n<p class=\"has-text-align-left has-black-color has-text-color has-link-color wp-elements-7fcc54c80f05e98d5b3bc6abc676efca\" style=\"font-size:16px\">Tr\u00e8s bel appartement traversant, plein sud, ensoleill\u00e9, calme et lumineux.<br>46 m2 de 2\/3 pi\u00e8ces, meubl\u00e9\/\u00e9quip\u00e9, 3\u00e8me \u00e9tage sans ascenseur.<br><br><strong>Description :<\/strong><br>&#8211; 1 grand double s\u00e9jour (22 m2) tr\u00e8s calme, lumineux avec coin s\u00e9jour + coin chambre + coin bureau, 2 fen\u00eatres vue d\u00e9gag\u00e9e, parquet, chemin\u00e9e, grand bureau, lit double, literie compl\u00e8te, table, fauteuils, nombreuses \u00e9tag\u00e8res et rangements\u2026<br><br>&#8211; 1 chambre (11 m2) tr\u00e8s calme, 1 fen\u00eatre, parquet, bureau, lit double, literie compl\u00e8te, grande penderie, nombreuses \u00e9tag\u00e8res et rangements\u2026<br><br>&#8211; 1 cuisine (8 m2 \/ 2 fen\u00eatres), table pour 4 personnes, r\u00e9frig\u00e9rateur\/cong\u00e9lateur, 4 plaques gaz, four, micro-ondes, vaisselles, couverts, casseroles, garde-manger, nombreuses \u00e9tag\u00e8res et rangements.<br><br>&#8211; 1 salle de bain avec baignoire.<br><br>&#8211; 1 wc avec lave\/s\u00e8che-linge, chaudi\u00e8re gaz \u00e0 condensation (tr\u00e8s \u00e9conomique), \u00e9tag\u00e8res.<br><br>&#8211; 1 entr\u00e9e avec grande penderie, nombreuses \u00e9tag\u00e8res et rangements.<br><br>Tr\u00e8s nombreux commerces, restaurants, transports. <br><br>M\u00e9tro : Plaisance (L13) \u00e0 2 mn \/ Al\u00e9sia (L4) \/ Bus : Al\u00e9sia-Didot (62 et 58).<br><\/p>\n\n\n\n<figure class=\"wp-block-gallery has-nested-images columns-default is-cropped wp-block-gallery-1 is-layout-flex wp-block-gallery-is-layout-flex\"><div class=\"wp-block-image is-style-default\">\n<figure class=\"aligncenter size-large\"><img fetchpriority=\"high\" decoding=\"async\" width=\"866\" height=\"578\" data-id=\"1283\" src=\"https:\/\/www.atelierautrement.com\/wp-content\/uploads\/2024\/05\/02_Sejour-double_DSC9988.jpg\" alt=\"\" class=\"wp-image-1283\" srcset=\"https:\/\/www.atelierautrement.com\/wp-content\/uploads\/2024\/05\/02_Sejour-double_DSC9988.jpg 866w, https:\/\/www.atelierautrement.com\/wp-content\/uploads\/2024\/05\/02_Sejour-double_DSC9988-300x200.jpg 300w, https:\/\/www.atelierautrement.com\/wp-content\/uploads\/2024\/05\/02_Sejour-double_DSC9988-768x513.jpg 768w\" sizes=\"(max-width: 866px) 100vw, 866px\" \/><figcaption class=\"wp-element-caption\">SALON vue 1<\/figcaption><\/figure><\/div>\n\n<div class=\"wp-block-image\">\n<figure class=\"aligncenter size-large\"><img decoding=\"async\" width=\"866\" height=\"578\" data-id=\"1285\" src=\"https:\/\/www.atelierautrement.com\/wp-content\/uploads\/2024\/05\/03_Sejour-double_DSC9975.jpg\" alt=\"\" class=\"wp-image-1285\" srcset=\"https:\/\/www.atelierautrement.com\/wp-content\/uploads\/2024\/05\/03_Sejour-double_DSC9975.jpg 866w, https:\/\/www.atelierautrement.com\/wp-content\/uploads\/2024\/05\/03_Sejour-double_DSC9975-300x200.jpg 300w, https:\/\/www.atelierautrement.com\/wp-content\/uploads\/2024\/05\/03_Sejour-double_DSC9975-768x513.jpg 768w\" sizes=\"(max-width: 866px) 100vw, 866px\" \/><figcaption class=\"wp-element-caption\">SALON vue 2<\/figcaption><\/figure><\/div>\n\n<div class=\"wp-block-image\">\n<figure class=\"aligncenter size-large\"><img decoding=\"async\" width=\"866\" height=\"566\" data-id=\"1289\" src=\"https:\/\/www.atelierautrement.com\/wp-content\/uploads\/2024\/05\/04_Chambre_DSC9897-1.jpg\" alt=\"\" class=\"wp-image-1289\" srcset=\"https:\/\/www.atelierautrement.com\/wp-content\/uploads\/2024\/05\/04_Chambre_DSC9897-1.jpg 866w, https:\/\/www.atelierautrement.com\/wp-content\/uploads\/2024\/05\/04_Chambre_DSC9897-1-300x196.jpg 300w, https:\/\/www.atelierautrement.com\/wp-content\/uploads\/2024\/05\/04_Chambre_DSC9897-1-768x502.jpg 768w\" sizes=\"(max-width: 866px) 100vw, 866px\" \/><figcaption class=\"wp-element-caption\">CHAMBRE vue 1<\/figcaption><\/figure><\/div>\n\n<div class=\"wp-block-image\">\n<figure class=\"aligncenter size-large\"><img loading=\"lazy\" decoding=\"async\" width=\"866\" height=\"553\" data-id=\"1287\" src=\"https:\/\/www.atelierautrement.com\/wp-content\/uploads\/2024\/05\/05_Chambre_DSC9929-1.jpg\" alt=\"\" class=\"wp-image-1287\" srcset=\"https:\/\/www.atelierautrement.com\/wp-content\/uploads\/2024\/05\/05_Chambre_DSC9929-1.jpg 866w, https:\/\/www.atelierautrement.com\/wp-content\/uploads\/2024\/05\/05_Chambre_DSC9929-1-300x192.jpg 300w, https:\/\/www.atelierautrement.com\/wp-content\/uploads\/2024\/05\/05_Chambre_DSC9929-1-768x490.jpg 768w\" sizes=\"(max-width: 866px) 100vw, 866px\" \/><figcaption class=\"wp-element-caption\">CHAMBRE vue 2<\/figcaption><\/figure><\/div>\n\n<div class=\"wp-block-image\">\n<figure class=\"aligncenter size-large\"><img loading=\"lazy\" decoding=\"async\" width=\"866\" height=\"578\" data-id=\"1290\" src=\"https:\/\/www.atelierautrement.com\/wp-content\/uploads\/2024\/05\/06_Cuisine-equipee_DSC0002.jpg\" alt=\"\" class=\"wp-image-1290\" srcset=\"https:\/\/www.atelierautrement.com\/wp-content\/uploads\/2024\/05\/06_Cuisine-equipee_DSC0002.jpg 866w, https:\/\/www.atelierautrement.com\/wp-content\/uploads\/2024\/05\/06_Cuisine-equipee_DSC0002-300x200.jpg 300w, https:\/\/www.atelierautrement.com\/wp-content\/uploads\/2024\/05\/06_Cuisine-equipee_DSC0002-768x513.jpg 768w\" sizes=\"(max-width: 866px) 100vw, 866px\" \/><figcaption class=\"wp-element-caption\">CUISINE vue 1<\/figcaption><\/figure><\/div>\n\n<div class=\"wp-block-image\">\n<figure class=\"aligncenter size-large\"><img loading=\"lazy\" decoding=\"async\" width=\"866\" height=\"578\" data-id=\"1286\" src=\"https:\/\/www.atelierautrement.com\/wp-content\/uploads\/2024\/05\/07_Cuisine-equipee__DSC9997.jpg\" alt=\"\" class=\"wp-image-1286\" srcset=\"https:\/\/www.atelierautrement.com\/wp-content\/uploads\/2024\/05\/07_Cuisine-equipee__DSC9997.jpg 866w, https:\/\/www.atelierautrement.com\/wp-content\/uploads\/2024\/05\/07_Cuisine-equipee__DSC9997-300x200.jpg 300w, https:\/\/www.atelierautrement.com\/wp-content\/uploads\/2024\/05\/07_Cuisine-equipee__DSC9997-768x513.jpg 768w\" sizes=\"(max-width: 866px) 100vw, 866px\" \/><figcaption class=\"wp-element-caption\">CUISINE vue 2<\/figcaption><\/figure><\/div>\n\n<div class=\"wp-block-image\">\n<figure class=\"aligncenter size-large\"><img loading=\"lazy\" decoding=\"async\" width=\"1024\" height=\"471\" data-id=\"1288\" src=\"https:\/\/www.atelierautrement.com\/wp-content\/uploads\/2024\/05\/PLAN-APT3_Mars-2021-1024x471.jpg\" alt=\"\" class=\"wp-image-1288\" srcset=\"https:\/\/www.atelierautrement.com\/wp-content\/uploads\/2024\/05\/PLAN-APT3_Mars-2021-1024x471.jpg 1024w, https:\/\/www.atelierautrement.com\/wp-content\/uploads\/2024\/05\/PLAN-APT3_Mars-2021-300x138.jpg 300w, https:\/\/www.atelierautrement.com\/wp-content\/uploads\/2024\/05\/PLAN-APT3_Mars-2021-768x353.jpg 768w, https:\/\/www.atelierautrement.com\/wp-content\/uploads\/2024\/05\/PLAN-APT3_Mars-2021-1536x706.jpg 1536w, https:\/\/www.atelierautrement.com\/wp-content\/uploads\/2024\/05\/PLAN-APT3_Mars-2021-2048x941.jpg 2048w\" sizes=\"(max-width: 1024px) 100vw, 1024px\" \/><figcaption class=\"wp-element-caption\">PLAN<\/figcaption><\/figure><\/div><\/figure>\n","protected":false},"excerpt":{"rendered":"<p>Location appartement 75014 Paris Quartier Plaisance. (Apt3) Tr\u00e8s bel appartement traversant, plein sud, ensoleill\u00e9, calme et lumineux.46 m2 de 2\/3 pi\u00e8ces, meubl\u00e9\/\u00e9quip\u00e9, 3\u00e8me \u00e9tage sans ascenseur. Description :&#8211; 1 grand double s\u00e9jour (22 m2) tr\u00e8s calme, lumineux avec coin s\u00e9jour + coin chambre + coin bureau, 2 fen\u00eatres vue d\u00e9gag\u00e9e, parquet, chemin\u00e9e, grand bureau, lit [&hellip;]<\/p>\n","protected":false},"author":1,"featured_media":0,"parent":0,"menu_order":0,"comment_status":"closed","ping_status":"closed","template":"","meta":{"om_disable_all_campaigns":false,"_monsterinsights_skip_tracking":false,"_monsterinsights_sitenote_active":false,"_monsterinsights_sitenote_note":"","_monsterinsights_sitenote_category":0,"footnotes":""},"aioseo_notices":[],"_links":{"self":[{"href":"https:\/\/www.atelierautrement.com\/index.php\/wp-json\/wp\/v2\/pages\/1280"}],"collection":[{"href":"https:\/\/www.atelierautrement.com\/index.php\/wp-json\/wp\/v2\/pages"}],"about":[{"href":"https:\/\/www.atelierautrement.com\/index.php\/wp-json\/wp\/v2\/types\/page"}],"author":[{"embeddable":true,"href":"https:\/\/www.atelierautrement.com\/index.php\/wp-json\/wp\/v2\/users\/1"}],"replies":[{"embeddable":true,"href":"https:\/\/www.atelierautrement.com\/index.php\/wp-json\/wp\/v2\/comments?post=1280"}],"version-history":[{"count":28,"href":"https:\/\/www.atelierautrement.com\/index.php\/wp-json\/wp\/v2\/pages\/1280\/revisions"}],"predecessor-version":[{"id":1328,"href":"https:\/\/www.atelierautrement.com\/index.php\/wp-json\/wp\/v2\/pages\/1280\/revisions\/1328"}],"wp:attachment":[{"href":"https:\/\/www.atelierautrement.com\/index.php\/wp-json\/wp\/v2\/media?parent=1280"}],"curies":[{"name":"wp","href":"https:\/\/api.w.org\/{rel}","templated":true}]}}